{"id":112,"date":"2012-08-17T16:58:55","date_gmt":"2012-08-17T16:58:55","guid":{"rendered":"http:\/\/orbe.mobi\/wordpress\/?page_id=112"},"modified":"2012-08-17T16:58:55","modified_gmt":"2012-08-17T16:58:55","slug":"itineraire-de-la-culture-industrielle","status":"publish","type":"page","link":"https:\/\/orbe.mobi\/en\/experiences\/itineraire-de-la-culture-industrielle\/","title":{"rendered":"Itin\u00e9raire de la Culture industrielle"},"content":{"rendered":"<p><strong>Une exploration du bassin minier franco-belge en r\u00e9alit\u00e9 augment\u00e9e.<\/strong><\/p>\n<p>Les r\u00e9gions du Hainaut et du Nord-Pas-de-Calais ont \u00e9t\u00e9 des r\u00e9gions-phares de la r\u00e9volution industrielle. L&#8217;Itin\u00e9raire de la culture industrielle met en valeur, les mutliples richesses du bassin minier franco-belge.<\/p>\n<p><strong>Les outils num\u00e9riques de l&#8217;ICI accompagnent l&#8217;exploration de ce territoire complexe. Le site internet et sa carte 3D, permettent de pr\u00e9parer la visite. Une fois sur place, le guide Mobil&#8217;ICI offre les cl\u00e9s indispensables \u00e0 la d\u00e9couverte du territoire.<\/strong><\/p>\n<p>Mobil&#8217;ICI se d\u00e9cline en 30 parcours comportant chacun une vingtaine de points d&#8217;int\u00e9r\u00eat. Ce guide mobile permet de voir dans le pass\u00e9, entendre des sons disparus, regarder \u00e0 travers les murs ou le sol, construire une carte, participer \u00e0 un observatoire&#8230; Autant de modalit\u00e9s originales pour d\u00e9couvrir un territoire majeur de l&#8217;exploration urbaine.<\/p>\n","protected":false},"excerpt":{"rendered":"<p>Une exploration du bassin minier franco-belge en r\u00e9alit\u00e9 augment\u00e9e. Les r\u00e9gions du Hainaut et du Nord-Pas-de-Calais ont \u00e9t\u00e9 des r\u00e9gions-phares de la r\u00e9volution industrielle. L&#8217;Itin\u00e9raire de la culture industrielle met en valeur, les mutliples richesses du bassin minier franco-belge. Les outils num\u00e9riques de l&#8217;ICI accompagnent l&#8217;exploration de ce territoire complexe. Le site internet et sa [&hellip;]<\/p>\n","protected":false},"author":1,"featured_media":113,"parent":21,"menu_order":0,"comment_status":"open","ping_status":"open","template":"page_f.php","meta":{"footnotes":""},"_links":{"self":[{"href":"https:\/\/orbe.mobi\/en\/wp-json\/wp\/v2\/pages\/112"}],"collection":[{"href":"https:\/\/orbe.mobi\/en\/wp-json\/wp\/v2\/pages"}],"about":[{"href":"https:\/\/orbe.mobi\/en\/wp-json\/wp\/v2\/types\/page"}],"author":[{"embeddable":true,"href":"https:\/\/orbe.mobi\/en\/wp-json\/wp\/v2\/users\/1"}],"replies":[{"embeddable":true,"href":"https:\/\/orbe.mobi\/en\/wp-json\/wp\/v2\/comments?post=112"}],"version-history":[{"count":2,"href":"https:\/\/orbe.mobi\/en\/wp-json\/wp\/v2\/pages\/112\/revisions"}],"predecessor-version":[{"id":115,"href":"https:\/\/orbe.mobi\/en\/wp-json\/wp\/v2\/pages\/112\/revisions\/115"}],"up":[{"embeddable":true,"href":"https:\/\/orbe.mobi\/en\/wp-json\/wp\/v2\/pages\/21"}],"wp:featuredmedia":[{"embeddable":true,"href":"https:\/\/orbe.mobi\/en\/wp-json\/wp\/v2\/media\/113"}],"wp:attachment":[{"href":"https:\/\/orbe.mobi\/en\/wp-json\/wp\/v2\/media?parent=112"}],"curies":[{"name":"wp","href":"https:\/\/api.w.org\/{rel}","templated":true}]}}