{"id":1262,"date":"2016-12-15T11:49:27","date_gmt":"2016-12-15T11:49:27","guid":{"rendered":"http:\/\/orbe.mobi\/?page_id=1262"},"modified":"2025-06-23T15:47:00","modified_gmt":"2025-06-23T15:47:00","slug":"equipe","status":"publish","type":"page","link":"https:\/\/orbe.mobi\/en\/equipe\/","title":{"rendered":"Team"},"content":{"rendered":"<p><strong><span style=\"font-size: 18px!important;\">Xavier Boissarie<\/span><\/strong><br \/>\n<span style=\"color: #999; font-size: 14px!important;\">Fondateur et auteur<\/span><\/p>\n<p>Praticien du num\u00e9rique depuis quinze ans, Xavier Boissarie s\u2019\u00e9loigne de la dimension immat\u00e9rielle attach\u00e9e \u00e0 ce domaine pour mieux s\u2019approcher de l\u2019exp\u00e9rience incarn\u00e9e. Il fonde Orbe en 2009 pour s\u2019emparer des supports mobiles dans une tentative d\u2019hybridation des espaces tangibles et num\u00e9riques selon diff\u00e9rentes modalit\u00e9s : la r\u00e9alit\u00e9 augment\u00e9e sonore (<em>Topophonie de l\u2019eau<\/em>), les protocoles \u00e0 base de consignes situ\u00e9es (<em>Laboratoire de la D\u00e9rive<\/em>) ou encore l\u2019hybridation entre deux villes par la synchronisation des corps (<em>Hupareel<\/em>).<\/p>\n<p><a href=\"https:\/\/www.linkedin.com\/in\/xavierboissarie\/\" rel=\"attachment wp-att-1583\"><img loading=\"lazy\" decoding=\"async\" class=\"alignnone wp-image-1583\" src=\"https:\/\/orbe.mobi\/wp-content\/uploads\/2016\/12\/linked.png\" alt=\"linked\" width=\"50\" height=\"50\" srcset=\"https:\/\/orbe.mobi\/wp-content\/uploads\/2016\/12\/linked.png 202w, https:\/\/orbe.mobi\/wp-content\/uploads\/2016\/12\/linked-150x150.png 150w\" sizes=\"(max-width: 50px) 100vw, 50px\" \/><\/a><\/p>\n<hr \/>\n<p><strong><span style=\"font-size: 18px!important;\">St\u00e9phane Cousot<\/span><\/strong><br \/>\n<span style=\"color: #999; font-size: 14px!important;\">Artiste d\u00e9veloppeur<\/span><\/p>\n<div class=\"page\" title=\"Page 16\">\n<div class=\"section\">\n<div class=\"layoutArea\">\n<div class=\"column\">\n<p>St\u00e9phane Cousot est plasticien, enseignant, chercheur, d\u00e9veloppeur, web-designer. Son passage par l\u2019Universit\u00e9 de Paris 8, la Villa Arson et l\u2019\u00e9cole d\u2019art d\u2019Aix-en-Provence ouvre une s\u00e9rie de r\u00e9flexions sur les pratiques et outils num\u00e9riques comme support hybride de cr\u00e9ation et de translation du r\u00e9el vers une forme po\u00e9tique.\u00a0Il est amen\u00e9 \u00e0 enseigner les arts plastiques \u00e0 l\u2019Universit\u00e9 Paul Val\u00e9ry (Montpellier), en master professionnelle \u00abCr\u00e9ation Num\u00e9rique\u00bb \u00e0 l\u2019Universit\u00e9 Aix-Marseille, et invit\u00e9 \u00e0 animer des workshops ou suivi de projets \u00e0 l\u2019\u00c9cole National des Arts D\u00e9coratifs (Paris) et l\u2019\u00c9cole Sup\u00e9rieure d\u2019Art d\u2019Aix-en-Provence. Dans l\u2019id\u00e9e de faciliter l\u2019enseignement de la programmation, il m\u00e8ne depuis 2005 un travail de d\u00e9veloppement d\u2019outils open- source d\u2019analyse et traitement de l\u2019image en temps r\u00e9el, de transport de donn\u00e9es g\u00e9o-localis\u00e9es sur le r\u00e9seau, d\u2019interfaces sur supports mobiles et \u00e9lectroniques.<\/p>\n<\/div>\n<\/div>\n<\/div>\n<\/div>\n<hr \/>\n<p><strong><span style=\"font-size: 18px!important;\">Tomek Jarolim<\/span><\/strong><br \/>\n<span style=\"color: #999; font-size: 14px!important;\">Artiste designer<\/span><\/p>\n<p>Tomek Jarolim est form\u00e9 \u00e0 l\u2019\u00c9cole sup\u00e9rieure d\u2019art d\u2019Aix-en-Provence et \u00e0 la School of the Art Institute of Chicago, il se concentre sur un travail tourn\u00e9 sur\u00a0la perception de l&#8217;image num\u00e9rique. Apr\u00e8s ses recherches \u00e0 l&#8217;EnsadLab, cycle de recherche l\u2019\u00c9cole des Arts D\u00e9coratifs, ses installations s&#8217;orientent davantage sur\u00a0la lumi\u00e8re interactive (<em>Fermer les Yeux<\/em> et <em>Diffraction<\/em> \u2013 Ga\u00eet\u00e9 Lyrique, <em>Soleils<\/em> \u2013 Palais de Tokyo). Il rejoint l\u2019\u00e9quipe de Orbe en 2015 avec l\u2019application de visite du Mus\u00e9e des Confluences (Lyon), puis les dispositifs interactifs de la Halle aux Sucres (Dunkerque). Son travail s\u2019oriente sur des interfaces accessibles aussi bien \u00e0 de jeunes publics qu\u2019\u00e0 des utilisateurs occasionnels.<\/p>\n<p><a href=\"https:\/\/www.linkedin.com\/in\/tomekjarolim\/\" rel=\"attachment wp-att-1583\"><img loading=\"lazy\" decoding=\"async\" class=\"alignnone wp-image-1583\" src=\"https:\/\/orbe.mobi\/wp-content\/uploads\/2016\/12\/linked.png\" alt=\"linked\" width=\"50\" height=\"50\" srcset=\"https:\/\/orbe.mobi\/wp-content\/uploads\/2016\/12\/linked.png 202w, https:\/\/orbe.mobi\/wp-content\/uploads\/2016\/12\/linked-150x150.png 150w\" sizes=\"(max-width: 50px) 100vw, 50px\" \/><\/a><\/p>\n","protected":false},"excerpt":{"rendered":"<p>Xavier Boissarie Fondateur et auteur Praticien du num\u00e9rique depuis quinze ans, Xavier Boissarie s\u2019\u00e9loigne de la dimension immat\u00e9rielle attach\u00e9e \u00e0 ce domaine pour mieux s\u2019approcher de l\u2019exp\u00e9rience incarn\u00e9e. Il fonde Orbe en 2009 pour s\u2019emparer des supports mobiles dans une tentative d\u2019hybridation des espaces tangibles et num\u00e9riques selon diff\u00e9rentes modalit\u00e9s : la r\u00e9alit\u00e9 augment\u00e9e sonore [&hellip;]<\/p>\n","protected":false},"author":1,"featured_media":0,"parent":0,"menu_order":0,"comment_status":"closed","ping_status":"closed","template":"","meta":{"footnotes":""},"_links":{"self":[{"href":"https:\/\/orbe.mobi\/en\/wp-json\/wp\/v2\/pages\/1262"}],"collection":[{"href":"https:\/\/orbe.mobi\/en\/wp-json\/wp\/v2\/pages"}],"about":[{"href":"https:\/\/orbe.mobi\/en\/wp-json\/wp\/v2\/types\/page"}],"author":[{"embeddable":true,"href":"https:\/\/orbe.mobi\/en\/wp-json\/wp\/v2\/users\/1"}],"replies":[{"embeddable":true,"href":"https:\/\/orbe.mobi\/en\/wp-json\/wp\/v2\/comments?post=1262"}],"version-history":[{"count":35,"href":"https:\/\/orbe.mobi\/en\/wp-json\/wp\/v2\/pages\/1262\/revisions"}],"predecessor-version":[{"id":3214,"href":"https:\/\/orbe.mobi\/en\/wp-json\/wp\/v2\/pages\/1262\/revisions\/3214"}],"wp:attachment":[{"href":"https:\/\/orbe.mobi\/en\/wp-json\/wp\/v2\/media?parent=1262"}],"curies":[{"name":"wp","href":"https:\/\/api.w.org\/{rel}","templated":true}]}}