{"id":2087,"date":"2023-04-24T11:11:58","date_gmt":"2023-04-24T11:11:58","guid":{"rendered":"https:\/\/orbe.mobi\/?page_id=2087"},"modified":"2023-04-24T12:18:27","modified_gmt":"2023-04-24T12:18:27","slug":"sonospheres-engagement-de-confidentialite","status":"publish","type":"page","link":"https:\/\/orbe.mobi\/en\/sonospheres-engagement-de-confidentialite\/","title":{"rendered":"(Fran\u00e7ais) Sonosph\u00e8res<br>Engagement de confidentialit\u00e9"},"content":{"rendered":"<p class=\"qtranxs-available-languages-message qtranxs-available-languages-message-en\">Sorry, this entry is only available in <a href=\"https:\/\/orbe.mobi\/fr\/wp-json\/wp\/v2\/pages\/2087\" class=\"qtranxs-available-language-link qtranxs-available-language-link-fr\" title=\"Fran\u00e7ais\">French<\/a>.<\/p>\n","protected":false},"excerpt":{"rendered":"<p>Sorry, this entry is only available in French.<\/p>\n","protected":false},"author":1,"featured_media":0,"parent":0,"menu_order":0,"comment_status":"closed","ping_status":"closed","template":"","meta":{"footnotes":""},"_links":{"self":[{"href":"https:\/\/orbe.mobi\/en\/wp-json\/wp\/v2\/pages\/2087"}],"collection":[{"href":"https:\/\/orbe.mobi\/en\/wp-json\/wp\/v2\/pages"}],"about":[{"href":"https:\/\/orbe.mobi\/en\/wp-json\/wp\/v2\/types\/page"}],"author":[{"embeddable":true,"href":"https:\/\/orbe.mobi\/en\/wp-json\/wp\/v2\/users\/1"}],"replies":[{"embeddable":true,"href":"https:\/\/orbe.mobi\/en\/wp-json\/wp\/v2\/comments?post=2087"}],"version-history":[{"count":8,"href":"https:\/\/orbe.mobi\/en\/wp-json\/wp\/v2\/pages\/2087\/revisions"}],"predecessor-version":[{"id":2097,"href":"https:\/\/orbe.mobi\/en\/wp-json\/wp\/v2\/pages\/2087\/revisions\/2097"}],"wp:attachment":[{"href":"https:\/\/orbe.mobi\/en\/wp-json\/wp\/v2\/media?parent=2087"}],"curies":[{"name":"wp","href":"https:\/\/api.w.org\/{rel}","templated":true}]}}