{"id":2126,"date":"2023-05-29T16:32:19","date_gmt":"2023-05-29T16:32:19","guid":{"rendered":"https:\/\/orbe.mobi\/?page_id=2126"},"modified":"2023-05-30T13:55:43","modified_gmt":"2023-05-30T13:55:43","slug":"vibes3engagement-de-confidentialite","status":"publish","type":"page","link":"https:\/\/orbe.mobi\/en\/vibes3engagement-de-confidentialite\/","title":{"rendered":"Vibes#3<br \/>Engagement de confidentialit\u00e9"},"content":{"rendered":"<p><a href=\"https:\/\/orbe.mobi\/wp-content\/uploads\/2023\/05\/Vibes3_Banner.jpg\"><img loading=\"lazy\" decoding=\"async\" class=\"alignnone wp-image-2129\" src=\"https:\/\/orbe.mobi\/wp-content\/uploads\/2023\/05\/Vibes3_Banner.jpg\" alt=\"\" width=\"800\" height=\"333\" srcset=\"https:\/\/orbe.mobi\/wp-content\/uploads\/2023\/05\/Vibes3_Banner.jpg 1290w, https:\/\/orbe.mobi\/wp-content\/uploads\/2023\/05\/Vibes3_Banner-300x125.jpg 300w, https:\/\/orbe.mobi\/wp-content\/uploads\/2023\/05\/Vibes3_Banner-1024x426.jpg 1024w, https:\/\/orbe.mobi\/wp-content\/uploads\/2023\/05\/Vibes3_Banner-768x320.jpg 768w, https:\/\/orbe.mobi\/wp-content\/uploads\/2023\/05\/Vibes3_Banner-960x400.jpg 960w\" sizes=\"(max-width: 800px) 100vw, 800px\" \/><\/a><\/p>\n<p><b>Politique de confidentialit\u00e9<\/b><\/p>\n<p>L\u2019application Vibes#3 est d\u00e9tenu par Orbe, qui est un contr\u00f4leur de donn\u00e9es de vos donn\u00e9es personnelles.<\/p>\n<p>Nous avons adopt\u00e9 cette politique de confidentialit\u00e9, qui d\u00e9termine la mani\u00e8re dont nous traitons les informations collect\u00e9es par Vibes#3, qui fournit \u00e9galement les raisons pour lesquelles nous ne collectons aucune donn\u00e9e personnelle vous concernant. Par cons\u00e9quent, vous devez lire cette politique de confidentialit\u00e9 avant d&#8217;utiliser l\u2019application Vibes#3.<\/p>\n<p>Nous ne stockons aucune de vos donn\u00e9es personnelles et nous nous engageons \u00e0 en garantir la confidentialit\u00e9 et la s\u00e9curit\u00e9.<\/p>\n<p><b>Les informations personnelles que nous collectons :<\/b><\/p>\n<p>Lorsque vous utilisez Vibes#3, nous ne recueillons aucune informations de votre appareil. En outre, lorsque vous utilisez l\u2019application, nous vous avons acc\u00e8s \u00e0 votre position GPS dans le seul but de vous offrir l\u2019exp\u00e9rience adapt\u00e9e en fonction de votre localisation. Cette position ne sera jamais stock\u00e9e sur nos serveurs.<\/p>\n<p><b>Pourquoi ne stockons-nous aucune de vos donn\u00e9es ?<\/b><\/p>\n<p>Notre priorit\u00e9 absolue est l\u2019exp\u00e9rience de danse et la s\u00e9curit\u00e9 des donn\u00e9es des clients et, \u00e0 ce titre, nous n\u2019avons aucun int\u00e9r\u00eat \u00e0 collected des donn\u00e9es vous concernant. Aucune information statistique n\u2019est g\u00e9n\u00e9r\u00e9e par votre participation, et l\u2019exp\u00e9rience n\u2019analysera aucune de vos informations.<\/p>\n<p><b>Liens vers d&#8217;autres sites web :<\/b><\/p>\n<p>Application peut contenir des liens vers d&#8217;autres sites web qui ne sont pas d\u00e9tenus ou contr\u00f4l\u00e9s par nous. Sachez que nous ne sommes pas responsables de ces autres sites web ou des pratiques de confidentialit\u00e9 des tiers. Nous vous encourageons \u00e0 \u00eatre attentif lorsque vous quittez notre site web et \u00e0 lire les d\u00e9clarations de confidentialit\u00e9 de chaque site web susceptible de collecter des informations personnelles.<\/p>\n<p><b>S\u00e9curit\u00e9 de l&#8217;information :<\/b><\/p>\n<p>Nous s\u00e9curisons les informations que vous fournissez sur des serveurs informatiques dans un environnement contr\u00f4l\u00e9 et s\u00e9curis\u00e9, prot\u00e9g\u00e9 contre tout acc\u00e8s, utilisation ou divulgation non autoris\u00e9s. Nous conservons des garanties administratives, techniques et physiques raisonnables pour nous prot\u00e9ger contre tout acc\u00e8s, utilisation, modification et divulgation non autoris\u00e9s des donn\u00e9es personnelles sous son contr\u00f4le et sa garde. Toutefois, aucune transmission de donn\u00e9es sur Internet ou sur un r\u00e9seau sans fil ne peut \u00eatre garantie.<\/p>\n<p><b>Divulgation l\u00e9gale :<\/b><\/p>\n<p>Ne collectant aucune donn\u00e9e, nous ne sommes pas en mesure de divulguer des informations si la loi l&#8217;exige ou l&#8217;autorise, par exemple pour nous conformer \u00e0 une citation \u00e0 compara\u00eetre ou \u00e0 une proc\u00e9dure judiciaire similaire, et lorsque nous pensons de bonne foi que la divulgation est n\u00e9cessaire pour prot\u00e9ger nos droits, votre s\u00e9curit\u00e9 ou celle d&#8217;autrui, enqu\u00eater sur une fraude ou r\u00e9pondre \u00e0 une demande du gouvernement.<\/p>\n<p><b>Informations de contact :<\/b><\/p>\n<p>Si vous souhaitez nous contacter pour comprendre davantage la pr\u00e9sente politique ou si vous souhaitez nous contacter concernant toute question relative aux droits individuels et \u00e0 vos informations personnelles, vous pouvez envoyer un courriel \u00e0 contact@orbe.mobi.<\/p>\n","protected":false},"excerpt":{"rendered":"<p>Politique de confidentialit\u00e9 L\u2019application Vibes#3 est d\u00e9tenu par Orbe, qui est un contr\u00f4leur de donn\u00e9es de vos donn\u00e9es personnelles. Nous avons adopt\u00e9 cette politique de confidentialit\u00e9, qui d\u00e9termine la mani\u00e8re dont nous traitons les informations collect\u00e9es par Vibes#3, qui fournit \u00e9galement les raisons pour lesquelles nous ne collectons aucune donn\u00e9e personnelle vous concernant. Par cons\u00e9quent, [&hellip;]<\/p>\n","protected":false},"author":1,"featured_media":0,"parent":0,"menu_order":0,"comment_status":"closed","ping_status":"closed","template":"","meta":{"footnotes":""},"_links":{"self":[{"href":"https:\/\/orbe.mobi\/en\/wp-json\/wp\/v2\/pages\/2126"}],"collection":[{"href":"https:\/\/orbe.mobi\/en\/wp-json\/wp\/v2\/pages"}],"about":[{"href":"https:\/\/orbe.mobi\/en\/wp-json\/wp\/v2\/types\/page"}],"author":[{"embeddable":true,"href":"https:\/\/orbe.mobi\/en\/wp-json\/wp\/v2\/users\/1"}],"replies":[{"embeddable":true,"href":"https:\/\/orbe.mobi\/en\/wp-json\/wp\/v2\/comments?post=2126"}],"version-history":[{"count":4,"href":"https:\/\/orbe.mobi\/en\/wp-json\/wp\/v2\/pages\/2126\/revisions"}],"predecessor-version":[{"id":2132,"href":"https:\/\/orbe.mobi\/en\/wp-json\/wp\/v2\/pages\/2126\/revisions\/2132"}],"wp:attachment":[{"href":"https:\/\/orbe.mobi\/en\/wp-json\/wp\/v2\/media?parent=2126"}],"curies":[{"name":"wp","href":"https:\/\/api.w.org\/{rel}","templated":true}]}}